{"id":42,"date":"2020-05-18T15:46:46","date_gmt":"2020-05-18T13:46:46","guid":{"rendered":"http:\/\/ecolemu.cluster028.hosting.ovh.net\/?page_id=42"},"modified":"2023-11-21T17:47:48","modified_gmt":"2023-11-21T16:47:48","slug":"percussions","status":"publish","type":"page","link":"https:\/\/ecole-musique-montfavet.fr\/index.php\/percussions\/","title":{"rendered":"Percussions"},"content":{"rendered":"\n<p> Un <strong>instrument de percussion<\/strong> \u2014 souvent appel\u00e9 simplement <strong>percussion<\/strong>, au f\u00e9minin \u2014 est un instrument de musique dont l&rsquo;\u00e9mission sonore r\u00e9sulte de la frappe ou du grattage d&rsquo;une membrane ou d&rsquo;un mat\u00e9riau r\u00e9sonnant. Les instruments de percussion ont probablement constitu\u00e9 les tout premiers instruments de musique et font partie int\u00e9grante de la plupart des genres musicaux. On les trouve en effet depuis la musique traditionnelle jusqu&rsquo;\u00e0 la musique classique. <\/p>\n\n\n\n<p><strong>Thomas Lestrelin<\/strong> est le nouveau professeur de percussions.<\/p>\n\n\n<div class=\"wp-block-image\">\n<figure class=\"alignright is-resized\"><img loading=\"lazy\" decoding=\"async\" src=\"http:\/\/ecolemu.cluster028.hosting.ovh.net\/wp-content\/uploads\/2020\/08\/TL-742x1024.jpg\" alt=\"\" class=\"wp-image-361\" width=\"288\" height=\"396\" srcset=\"https:\/\/ecole-musique-montfavet.fr\/wp-content\/uploads\/2020\/08\/TL-742x1024.jpg 742w, https:\/\/ecole-musique-montfavet.fr\/wp-content\/uploads\/2020\/08\/TL-768x1059.jpg 768w, https:\/\/ecole-musique-montfavet.fr\/wp-content\/uploads\/2020\/08\/TL.jpg 1668w\" sizes=\"auto, (max-width: 288px) 100vw, 288px\" \/><\/figure><\/div>\n\n\n<p>Percussionniste, professeur, compositeur et arrangeur, Thomas Lestrelin aime voyager \u00e0 travers diff\u00e9rents mondes musicaux et croiser les genres et les influences. Il participe \u00e0 de nombreux concerts &#8211; en France et \u00e0 l&rsquo;\u00e9tranger &#8211; dans des styles aussi vari\u00e9s que le jazz (<strong>30e Festival Internazionale Nuoro Jazz<\/strong>), la musique pop (avec <strong>Jeff Mills aux Chor\u00e9gies d&rsquo;Orange<\/strong>), les musiques traditionnelles et musique du monde (avec Ang\u00e9lique Kidjo ou bien Juan Carmona) et la musique classique (Festival Debussy #7, Festival d&rsquo;Aix-en-Provence).<\/p>\n\n\n\n<p><br> Actuellement professeur de batterie et de percussions, il est \u00e9galement musicien suppl\u00e9mentaire \u00e0 l&rsquo;Orchestre R\u00e9gional Avignon Provence (ORAP) depuis 2015, et est co-fondateur de l&rsquo;association A442, visant \u00e0 la promotion des arts vivants. Enfin, en tant que musicien passionn\u00e9, il partage son exp\u00e9rience et sa volont\u00e9 de d\u00e9velopper l&rsquo;acc\u00e8s \u00e0 la musique pour tous en mettant en \u0153uvre des projets de m\u00e9diation culturelle.<\/p>\n\n\n\n<h4 class=\"wp-block-heading\" style=\"text-align:right\"><a href=\"http:\/\/ecolemu.cluster028.hosting.ovh.net\/index.php\/equipe-pedagogique\/\">Retour ><\/a><\/h4>\n","protected":false},"excerpt":{"rendered":"<p>Un instrument de percussion \u2014 souvent appel\u00e9 simplement percussion, au f\u00e9minin \u2014 est un instrument [&hellip;]<\/p>\n","protected":false},"author":1,"featured_media":197,"parent":0,"menu_order":0,"comment_status":"closed","ping_status":"closed","template":"","meta":{"footnotes":""},"class_list":["post-42","page","type-page","status-publish","has-post-thumbnail","hentry"],"_links":{"self":[{"href":"https:\/\/ecole-musique-montfavet.fr\/index.php\/wp-json\/wp\/v2\/pages\/42","targetHints":{"allow":["GET"]}}],"collection":[{"href":"https:\/\/ecole-musique-montfavet.fr\/index.php\/wp-json\/wp\/v2\/pages"}],"about":[{"href":"https:\/\/ecole-musique-montfavet.fr\/index.php\/wp-json\/wp\/v2\/types\/page"}],"author":[{"embeddable":true,"href":"https:\/\/ecole-musique-montfavet.fr\/index.php\/wp-json\/wp\/v2\/users\/1"}],"replies":[{"embeddable":true,"href":"https:\/\/ecole-musique-montfavet.fr\/index.php\/wp-json\/wp\/v2\/comments?post=42"}],"version-history":[{"count":5,"href":"https:\/\/ecole-musique-montfavet.fr\/index.php\/wp-json\/wp\/v2\/pages\/42\/revisions"}],"predecessor-version":[{"id":1470,"href":"https:\/\/ecole-musique-montfavet.fr\/index.php\/wp-json\/wp\/v2\/pages\/42\/revisions\/1470"}],"wp:featuredmedia":[{"embeddable":true,"href":"https:\/\/ecole-musique-montfavet.fr\/index.php\/wp-json\/wp\/v2\/media\/197"}],"wp:attachment":[{"href":"https:\/\/ecole-musique-montfavet.fr\/index.php\/wp-json\/wp\/v2\/media?parent=42"}],"curies":[{"name":"wp","href":"https:\/\/api.w.org\/{rel}","templated":true}]}}