{"id":38,"date":"2020-05-18T15:46:46","date_gmt":"2020-05-18T13:46:46","guid":{"rendered":"http:\/\/ecolemu.cluster028.hosting.ovh.net\/?page_id=38"},"modified":"2021-07-23T17:02:40","modified_gmt":"2021-07-23T15:02:40","slug":"guitares","status":"publish","type":"page","link":"https:\/\/ecole-musique-montfavet.fr\/index.php\/guitares\/","title":{"rendered":"Guitare \/ Ukul\u00e9l\u00e9"},"content":{"rendered":"\n<p><em>\u00ab\u00a0Rien n&rsquo;est plus beau que la guitare\u00a0\u00bb<\/em> disait Chopin. <\/p>\n\n\n\n<p><strong>Benjamin Landrin<\/strong> en est le professeur \u00e0 l&rsquo;Ecole de Musique de Montfavet. <\/p>\n\n\n\n<p><font style=\"vertical-align: inherit;\"><font style=\"vertical-align: inherit;\">Professeur de guitare, mais aussi de basse et cr\u00e9ateur d&rsquo;atelier musical, Benjamin vous accompagne dans l&rsquo;apprentissage de votre instrument. Il propose une formation personnalis\u00e9e \u00e0 chacun de ses \u00e9l\u00e8ves en fonction de ses capacit\u00e9s et go\u00fbts musicaux.<\/font><\/font><\/p>\n\n\n\n<p>Il est aussi le professeur de l&rsquo;<a href=\"http:\/\/ecolemu.cluster028.hosting.ovh.net\/index.php\/atelier-ukulele\/\">atelier Ukul\u00e9l\u00e9<\/a> et <a href=\"http:\/\/ecolemu.cluster028.hosting.ovh.net\/index.php\/mao-musique-assistee-par-ordinateur\/\">MAO (Musique Assist\u00e9e par Ordinateur)<\/a>.<\/p>\n\n\n\n<h4 class=\"wp-block-heading\" style=\"text-align:right\"><a href=\"http:\/\/ecolemu.cluster028.hosting.ovh.net\/index.php\/equipe-pedagogique\/\">Retour ><\/a><\/h4>\n","protected":false},"excerpt":{"rendered":"<p>\u00ab\u00a0Rien n&rsquo;est plus beau que la guitare\u00a0\u00bb disait Chopin. Benjamin Landrin en est le professeur [&hellip;]<\/p>\n","protected":false},"author":1,"featured_media":197,"parent":0,"menu_order":0,"comment_status":"closed","ping_status":"closed","template":"","meta":{"footnotes":""},"class_list":["post-38","page","type-page","status-publish","has-post-thumbnail","hentry"],"_links":{"self":[{"href":"https:\/\/ecole-musique-montfavet.fr\/index.php\/wp-json\/wp\/v2\/pages\/38","targetHints":{"allow":["GET"]}}],"collection":[{"href":"https:\/\/ecole-musique-montfavet.fr\/index.php\/wp-json\/wp\/v2\/pages"}],"about":[{"href":"https:\/\/ecole-musique-montfavet.fr\/index.php\/wp-json\/wp\/v2\/types\/page"}],"author":[{"embeddable":true,"href":"https:\/\/ecole-musique-montfavet.fr\/index.php\/wp-json\/wp\/v2\/users\/1"}],"replies":[{"embeddable":true,"href":"https:\/\/ecole-musique-montfavet.fr\/index.php\/wp-json\/wp\/v2\/comments?post=38"}],"version-history":[{"count":7,"href":"https:\/\/ecole-musique-montfavet.fr\/index.php\/wp-json\/wp\/v2\/pages\/38\/revisions"}],"predecessor-version":[{"id":996,"href":"https:\/\/ecole-musique-montfavet.fr\/index.php\/wp-json\/wp\/v2\/pages\/38\/revisions\/996"}],"wp:featuredmedia":[{"embeddable":true,"href":"https:\/\/ecole-musique-montfavet.fr\/index.php\/wp-json\/wp\/v2\/media\/197"}],"wp:attachment":[{"href":"https:\/\/ecole-musique-montfavet.fr\/index.php\/wp-json\/wp\/v2\/media?parent=38"}],"curies":[{"name":"wp","href":"https:\/\/api.w.org\/{rel}","templated":true}]}}