{"id":36,"date":"2020-05-18T15:46:46","date_gmt":"2020-05-18T13:46:46","guid":{"rendered":"http:\/\/ecolemu.cluster028.hosting.ovh.net\/?page_id=36"},"modified":"2021-07-20T13:43:26","modified_gmt":"2021-07-20T11:43:26","slug":"trompette","status":"publish","type":"page","link":"https:\/\/ecole-musique-montfavet.fr\/index.php\/trompette\/","title":{"rendered":"Trompette \/ Trombone"},"content":{"rendered":"\n<p>La <strong>trompette<\/strong> est un instrument de musique \u00e0 vent de la famille des cuivres clairs. Elle est fabriqu\u00e9e dans un tube de 1,50&nbsp;<abbr title=\"m\u00e8tre\">m<\/abbr> de long comme le cornet. Le m\u00e9tal utilis\u00e9 pour fabriquer la trompette est surtout le laiton (en  moyenne 70&nbsp;% de la trompette est fabriqu\u00e9e avec du laiton). Pour en  jouer, on utilise souvent 3 pistons (parfois 4 dans la picolo) ainsi que  de l&rsquo;air (colonne d&rsquo;air). <\/p>\n\n\n\n<p><strong>Guy Vilhet<\/strong> l&rsquo;enseigne ainsi que le trombone.<\/p>\n\n\n\n<div class=\"wp-block-image\"><figure class=\"alignright is-resized\"><img loading=\"lazy\" decoding=\"async\" src=\"http:\/\/ecolemu.cluster028.hosting.ovh.net\/wp-content\/uploads\/2020\/08\/GV-742x1024.jpg\" alt=\"\" class=\"wp-image-346\" width=\"236\" height=\"325\" srcset=\"https:\/\/ecole-musique-montfavet.fr\/wp-content\/uploads\/2020\/08\/GV-742x1024.jpg 742w, https:\/\/ecole-musique-montfavet.fr\/wp-content\/uploads\/2020\/08\/GV-217x300.jpg 217w, https:\/\/ecole-musique-montfavet.fr\/wp-content\/uploads\/2020\/08\/GV-768x1059.jpg 768w, https:\/\/ecole-musique-montfavet.fr\/wp-content\/uploads\/2020\/08\/GV.jpg 1668w\" sizes=\"auto, (max-width: 236px) 100vw, 236px\" \/><\/figure><\/div>\n\n\n\n<p>La trompette, comme tous les instruments \u00e0 vent demande une mise en mouvement du diaphragme. Cependant, la pression demand\u00e9e pour sortir des sons tendant vers l\u2019aigu\u00eb demande un entrainement r\u00e9gulier des muscles respiratoires. C\u2019est dans ces conditions que les l\u00e8vres peuvent se muscler sans souffrance pour obtenir un son plein et riche d\u2019harmoniques. Quel que soit le niveau du trompettiste, le travail de base est primordial. C\u2019est dans cet esprit qu&rsquo;il fait travailler petits et grands pour que l\u2019apprentissage de cet instrument difficile mais oh combien passionnant, procure le plaisir de jouer aussi bien des pi\u00e8ces en soliste que des parties d\u2019orchestre. <\/p>\n\n\n\n<p>La m\u00e9thode pratiqu\u00e9e, inspir\u00e9e de celle de <strong>Claude Pichereau<\/strong>, pour la respiration s\u2019appuie sur l\u2019utilisation des m\u00e9thodes am\u00e9ricaines de Charles Colin, James Stamps, H.L. Clarke, Louis Maggio, Arturo Sandoval et bien s\u00fbr la c\u00e9l\u00e8bre m\u00e9thode Arban. D\u2019autres auteurs de manuel de trompette sont abord\u00e9s, Vincent Cichowicz, Claude Gordon ou Arturo Sandoval, suivant l\u2019\u00e9volution personnalis\u00e9 de l\u2019\u00e9l\u00e8ve. Le travail personnel ne verra sa concr\u00e9tisation que dans la pratique collective de la musique au sein d\u2019un orchestre qui ne remplacera jamais l\u2019entrainement solitaire. L\u2019apprentissage de la trompette peut se faire d\u00e8s le plus jeune \u00e2ge (6 ans) et m\u00eame les plus \u00e2g\u00e9s tireront profit de la pratique de cet instrument. Hommes ou femmes, filles ou gar\u00e7ons, osez vous lancer !<\/p>\n\n\n\n<p>Soufflez trompettes, cornets, bugles, trombones, euphoniums, il suffit de commencer !<\/p>\n\n\n\n<h4 class=\"wp-block-heading\" style=\"text-align:right\"><a href=\"http:\/\/ecolemu.cluster028.hosting.ovh.net\/index.php\/equipe-pedagogique\/\">Retour ><\/a><\/h4>\n","protected":false},"excerpt":{"rendered":"<p>La trompette est un instrument de musique \u00e0 vent de la famille des cuivres clairs. [&hellip;]<\/p>\n","protected":false},"author":1,"featured_media":197,"parent":0,"menu_order":0,"comment_status":"closed","ping_status":"closed","template":"","meta":{"footnotes":""},"class_list":["post-36","page","type-page","status-publish","has-post-thumbnail","hentry"],"_links":{"self":[{"href":"https:\/\/ecole-musique-montfavet.fr\/index.php\/wp-json\/wp\/v2\/pages\/36","targetHints":{"allow":["GET"]}}],"collection":[{"href":"https:\/\/ecole-musique-montfavet.fr\/index.php\/wp-json\/wp\/v2\/pages"}],"about":[{"href":"https:\/\/ecole-musique-montfavet.fr\/index.php\/wp-json\/wp\/v2\/types\/page"}],"author":[{"embeddable":true,"href":"https:\/\/ecole-musique-montfavet.fr\/index.php\/wp-json\/wp\/v2\/users\/1"}],"replies":[{"embeddable":true,"href":"https:\/\/ecole-musique-montfavet.fr\/index.php\/wp-json\/wp\/v2\/comments?post=36"}],"version-history":[{"count":9,"href":"https:\/\/ecole-musique-montfavet.fr\/index.php\/wp-json\/wp\/v2\/pages\/36\/revisions"}],"predecessor-version":[{"id":990,"href":"https:\/\/ecole-musique-montfavet.fr\/index.php\/wp-json\/wp\/v2\/pages\/36\/revisions\/990"}],"wp:featuredmedia":[{"embeddable":true,"href":"https:\/\/ecole-musique-montfavet.fr\/index.php\/wp-json\/wp\/v2\/media\/197"}],"wp:attachment":[{"href":"https:\/\/ecole-musique-montfavet.fr\/index.php\/wp-json\/wp\/v2\/media?parent=36"}],"curies":[{"name":"wp","href":"https:\/\/api.w.org\/{rel}","templated":true}]}}