{"id":35,"date":"2020-05-18T15:46:46","date_gmt":"2020-05-18T13:46:46","guid":{"rendered":"http:\/\/ecolemu.cluster028.hosting.ovh.net\/?page_id=35"},"modified":"2020-11-18T15:14:18","modified_gmt":"2020-11-18T14:14:18","slug":"saxophone","status":"publish","type":"page","link":"https:\/\/ecole-musique-montfavet.fr\/index.php\/saxophone\/","title":{"rendered":"Saxophone"},"content":{"rendered":"\n<p>Le <strong>saxophone<\/strong> est un instrument de musique \u00e0 vent appartenant \u00e0 la famille des bois. Il a \u00e9t\u00e9 invent\u00e9 par le Belge Adolphe Sax et brevet\u00e9 \u00e0 Paris le 21 mars 1846. <\/p>\n\n\n\n<div class=\"wp-block-image\"><figure class=\"alignleft is-resized\"><img loading=\"lazy\" decoding=\"async\" src=\"http:\/\/ecolemu.cluster028.hosting.ovh.net\/wp-content\/uploads\/2020\/11\/hiclipart.com-1-680x1024.png\" alt=\"\" class=\"wp-image-687\" width=\"150\" height=\"226\" srcset=\"https:\/\/ecole-musique-montfavet.fr\/wp-content\/uploads\/2020\/11\/hiclipart.com-1-680x1024.png 680w, https:\/\/ecole-musique-montfavet.fr\/wp-content\/uploads\/2020\/11\/hiclipart.com-1-199x300.png 199w, https:\/\/ecole-musique-montfavet.fr\/wp-content\/uploads\/2020\/11\/hiclipart.com-1-768x1157.png 768w, https:\/\/ecole-musique-montfavet.fr\/wp-content\/uploads\/2020\/11\/hiclipart.com-1.png 1000w\" sizes=\"auto, (max-width: 150px) 100vw, 150px\" \/><\/figure><\/div>\n\n\n\n<p>Il ne doit pas \u00eatre confondu avec le saxhorn, de la famille des cuivres, mis au point, lui aussi, par Adolphe Sax. Le saxophone est g\u00e9n\u00e9ralement en laiton, bien qu&rsquo;il en existe certains en cuivre, en argent, en plastique ou plaqu\u00e9s en or.<\/p>\n\n\n\n<p><strong>Fabien Roy<\/strong> l&rsquo;enseigne.<\/p>\n\n\n\n<div class=\"wp-block-image\"><figure class=\"alignright is-resized\"><img loading=\"lazy\" decoding=\"async\" src=\"http:\/\/ecolemu.cluster028.hosting.ovh.net\/wp-content\/uploads\/2020\/08\/Fr-742x1024.jpg\" alt=\"\" class=\"wp-image-354\" width=\"336\" height=\"463\" srcset=\"https:\/\/ecole-musique-montfavet.fr\/wp-content\/uploads\/2020\/08\/Fr-742x1024.jpg 742w, https:\/\/ecole-musique-montfavet.fr\/wp-content\/uploads\/2020\/08\/Fr-217x300.jpg 217w, https:\/\/ecole-musique-montfavet.fr\/wp-content\/uploads\/2020\/08\/Fr-768x1059.jpg 768w, https:\/\/ecole-musique-montfavet.fr\/wp-content\/uploads\/2020\/08\/Fr.jpg 1668w\" sizes=\"auto, (max-width: 336px) 100vw, 336px\" \/><\/figure><\/div>\n\n\n\n<p> Saxophoniste, titulaire du DUMI (dipl\u00f4me universitaire du musicien intervenant ) et du DEM (dipl\u00f4me d&rsquo;\u00e9tudes  musicales), Fabien dispense depuis 2015 des cours de saxophone \u00e0 l&rsquo;\u00e9cho musical de Montfavet. <br> Il enseigne par une approche classique et contemporaine sans oublier les  musiques actuelles (jazz, funk, \u00e9lectro&#8230;)en essayant de proposer des  cours \u00ab\u00a0sur mesure\u00a0\u00bb.  Toujours en soif de sc\u00e8ne, il est membre de diverses formations, dont un  duo \u00e9lectro\/sax <strong>\u00ab\u00a0Monarques\u00a0\u00bb<\/strong>, et un orchestre de vari\u00e9t\u00e9.  <\/p>\n\n\n\n<div style=\"height:100px\" aria-hidden=\"true\" class=\"wp-block-spacer\"><\/div>\n\n\n\n<h4 class=\"wp-block-heading\" style=\"text-align:right\"><a href=\"http:\/\/ecolemu.cluster028.hosting.ovh.net\/index.php\/equipe-pedagogique\/\">Retour ><\/a><\/h4>\n","protected":false},"excerpt":{"rendered":"<p>Le saxophone est un instrument de musique \u00e0 vent appartenant \u00e0 la famille des bois. [&hellip;]<\/p>\n","protected":false},"author":1,"featured_media":197,"parent":0,"menu_order":0,"comment_status":"closed","ping_status":"closed","template":"","meta":{"footnotes":""},"class_list":["post-35","page","type-page","status-publish","has-post-thumbnail","hentry"],"_links":{"self":[{"href":"https:\/\/ecole-musique-montfavet.fr\/index.php\/wp-json\/wp\/v2\/pages\/35","targetHints":{"allow":["GET"]}}],"collection":[{"href":"https:\/\/ecole-musique-montfavet.fr\/index.php\/wp-json\/wp\/v2\/pages"}],"about":[{"href":"https:\/\/ecole-musique-montfavet.fr\/index.php\/wp-json\/wp\/v2\/types\/page"}],"author":[{"embeddable":true,"href":"https:\/\/ecole-musique-montfavet.fr\/index.php\/wp-json\/wp\/v2\/users\/1"}],"replies":[{"embeddable":true,"href":"https:\/\/ecole-musique-montfavet.fr\/index.php\/wp-json\/wp\/v2\/comments?post=35"}],"version-history":[{"count":8,"href":"https:\/\/ecole-musique-montfavet.fr\/index.php\/wp-json\/wp\/v2\/pages\/35\/revisions"}],"predecessor-version":[{"id":690,"href":"https:\/\/ecole-musique-montfavet.fr\/index.php\/wp-json\/wp\/v2\/pages\/35\/revisions\/690"}],"wp:featuredmedia":[{"embeddable":true,"href":"https:\/\/ecole-musique-montfavet.fr\/index.php\/wp-json\/wp\/v2\/media\/197"}],"wp:attachment":[{"href":"https:\/\/ecole-musique-montfavet.fr\/index.php\/wp-json\/wp\/v2\/media?parent=35"}],"curies":[{"name":"wp","href":"https:\/\/api.w.org\/{rel}","templated":true}]}}