{"id":29,"date":"2020-05-18T15:46:46","date_gmt":"2020-05-18T13:46:46","guid":{"rendered":"http:\/\/ecolemu.cluster028.hosting.ovh.net\/?page_id=29"},"modified":"2020-11-20T17:03:48","modified_gmt":"2020-11-20T16:03:48","slug":"infos-pratiques","status":"publish","type":"page","link":"https:\/\/ecole-musique-montfavet.fr\/index.php\/infos-pratiques\/","title":{"rendered":"Infos pratiques"},"content":{"rendered":"\n<h4 class=\"wp-block-heading\"><strong>O\u00f9 sommes-nous ?<\/strong><\/h4>\n\n\n\n<p> \u00c0 quelques minutes du centre-ville d&rsquo;Avignon et facile d&rsquo;acc\u00e8s, l&rsquo;\u00e9cole de musique d&rsquo;Avignon-Montfavet se situe <strong>place Marcel Laty<\/strong> \u00e0 proximit\u00e9 des <strong>\u00e9coles des vertes rives<\/strong> et du <strong>coll\u00e8ge Tavan<\/strong>.<\/p>\n\n\n\n<p>Elle dispose d&rsquo;un grand parking devant ses grilles.<\/p>\n\n\n\n<iframe loading=\"lazy\" src=\"https:\/\/www.google.com\/maps\/embed?pb=!1m14!1m8!1m3!1d11492.507485754855!2d4.8757839!3d43.9360479!3m2!1i1024!2i768!4f13.1!3m3!1m2!1s0x0%3A0x7d1d0a7ee55528bb!2sEcho%20Musical%20Avignon%20Montfavet!5e0!3m2!1sfr!2sfr!4v1605713970418!5m2!1sfr!2sfr\" width=\"600\" height=\"450\" frameborder=\"0\" style=\"border:0;\" allowfullscreen=\"\" aria-hidden=\"false\" tabindex=\"0\"><\/iframe>\n\n\n\n<hr class=\"wp-block-separator\"\/>\n\n\n\n<h4 class=\"wp-block-heading\"><strong>Contact<\/strong><\/h4>\n\n\n\n<p>\u00c9cho Musical de Montfavet<br> Place Marcel Laty <br> 84140 Avignon <\/p>\n\n\n\n<p>T\u00e9l : 09 60 08 70 98 \/ 06 43 19 86 70<\/p>\n\n\n\n<div class=\"wp-block-image\"><figure class=\"alignleft is-resized\"><img loading=\"lazy\" decoding=\"async\" src=\"http:\/\/ecolemu.cluster028.hosting.ovh.net\/wp-content\/uploads\/2020\/11\/hiclipart.com-6.png\" alt=\"\" class=\"wp-image-730\" width=\"42\" height=\"42\" srcset=\"https:\/\/ecole-musique-montfavet.fr\/wp-content\/uploads\/2020\/11\/hiclipart.com-6.png 512w, https:\/\/ecole-musique-montfavet.fr\/wp-content\/uploads\/2020\/11\/hiclipart.com-6-150x150.png 150w, https:\/\/ecole-musique-montfavet.fr\/wp-content\/uploads\/2020\/11\/hiclipart.com-6-300x300.png 300w\" sizes=\"auto, (max-width: 42px) 100vw, 42px\" \/><\/figure><\/div>\n\n\n\n<p>echo-musical@orange.fr<\/p>\n\n\n\n<div class=\"wp-block-image\"><figure class=\"alignleft is-resized\"><img loading=\"lazy\" decoding=\"async\" src=\"http:\/\/ecolemu.cluster028.hosting.ovh.net\/wp-content\/uploads\/2020\/11\/hiclipart.com-5.png\" alt=\"\" class=\"wp-image-719\" width=\"32\" height=\"32\" srcset=\"https:\/\/ecole-musique-montfavet.fr\/wp-content\/uploads\/2020\/11\/hiclipart.com-5.png 512w, https:\/\/ecole-musique-montfavet.fr\/wp-content\/uploads\/2020\/11\/hiclipart.com-5-150x150.png 150w, https:\/\/ecole-musique-montfavet.fr\/wp-content\/uploads\/2020\/11\/hiclipart.com-5-300x300.png 300w\" sizes=\"auto, (max-width: 32px) 100vw, 32px\" \/><\/figure><\/div>\n\n\n\n<p><strong><a href=\"https:\/\/fr-fr.facebook.com\/pages\/category\/Specialty-School\/Ecole-de-Musique-Avignon-Montfavet-460066040733987\/\">\u00a0   Facebook :<\/a><\/strong><a href=\"https:\/\/fr-fr.facebook.com\/pages\/category\/Specialty-School\/Ecole-de-Musique-Avignon-Montfavet-460066040733987\/\"> Ecole de Musique Avignon-Montfavet<\/a><\/p>\n\n\n\n<hr class=\"wp-block-separator\"\/>\n\n\n\n<h4 class=\"wp-block-heading\"><strong>Secr\u00e9tariat<\/strong><\/h4>\n\n\n\n<p>Ouvert le lundi, mardi, jeudi et vendredi de 15h30 \u00e0 19h et le mercredi de 13h \u00e0 19h.<\/p>\n\n\n\n<hr class=\"wp-block-separator\"\/>\n\n\n\n<h4 class=\"wp-block-heading\"><strong>Inscriptions<\/strong><\/h4>\n\n\n\n<p>La p\u00e9riode d&rsquo;inscription a lieu de fin juin \u00e0 fin septembre. Cependant, il est possible de s&rsquo;inscrire en cours d&rsquo;ann\u00e9e suivant les places disponibles. <\/p>\n\n\n\n<p>Les ensembles vous accueillent toute l&rsquo;ann\u00e9e.<br><\/p>\n","protected":false},"excerpt":{"rendered":"<p>O\u00f9 sommes-nous ? \u00c0 quelques minutes du centre-ville d&rsquo;Avignon et facile d&rsquo;acc\u00e8s, l&rsquo;\u00e9cole de musique [&hellip;]<\/p>\n","protected":false},"author":1,"featured_media":189,"parent":0,"menu_order":0,"comment_status":"closed","ping_status":"closed","template":"","meta":{"footnotes":""},"class_list":["post-29","page","type-page","status-publish","has-post-thumbnail","hentry"],"_links":{"self":[{"href":"https:\/\/ecole-musique-montfavet.fr\/index.php\/wp-json\/wp\/v2\/pages\/29","targetHints":{"allow":["GET"]}}],"collection":[{"href":"https:\/\/ecole-musique-montfavet.fr\/index.php\/wp-json\/wp\/v2\/pages"}],"about":[{"href":"https:\/\/ecole-musique-montfavet.fr\/index.php\/wp-json\/wp\/v2\/types\/page"}],"author":[{"embeddable":true,"href":"https:\/\/ecole-musique-montfavet.fr\/index.php\/wp-json\/wp\/v2\/users\/1"}],"replies":[{"embeddable":true,"href":"https:\/\/ecole-musique-montfavet.fr\/index.php\/wp-json\/wp\/v2\/comments?post=29"}],"version-history":[{"count":20,"href":"https:\/\/ecole-musique-montfavet.fr\/index.php\/wp-json\/wp\/v2\/pages\/29\/revisions"}],"predecessor-version":[{"id":739,"href":"https:\/\/ecole-musique-montfavet.fr\/index.php\/wp-json\/wp\/v2\/pages\/29\/revisions\/739"}],"wp:featuredmedia":[{"embeddable":true,"href":"https:\/\/ecole-musique-montfavet.fr\/index.php\/wp-json\/wp\/v2\/media\/189"}],"wp:attachment":[{"href":"https:\/\/ecole-musique-montfavet.fr\/index.php\/wp-json\/wp\/v2\/media?parent=29"}],"curies":[{"name":"wp","href":"https:\/\/api.w.org\/{rel}","templated":true}]}}