{"id":23,"date":"2020-05-18T15:46:46","date_gmt":"2020-05-18T13:46:46","guid":{"rendered":"http:\/\/ecolemu.cluster028.hosting.ovh.net\/?page_id=23"},"modified":"2026-01-13T16:09:48","modified_gmt":"2026-01-13T15:09:48","slug":"harmonie","status":"publish","type":"page","link":"https:\/\/ecole-musique-montfavet.fr\/index.php\/harmonie\/","title":{"rendered":"Orchestre d&rsquo;Harmonie"},"content":{"rendered":"\n<p>Cette formation est la plus ancienne de l&rsquo;\u00e9cole de musique (qui \u00e9tait avant\nl&rsquo;ann\u00e9e 2000 uniquement tourn\u00e9e vers les enseignements des instruments \u00e0 vent).\n<\/p>\n\n\n\n<p>Cet orchestre, qui accueille les bois, les cuivres et les percussions,&nbsp;est ouvert aux \u00e9l\u00e8ves et musiciens \u00e0 partir d&rsquo;un niveau minimum fin de 1er cycle. Dirig\u00e9 par <a href=\"http:\/\/ecolemu.cluster028.hosting.ovh.net\/index.php\/clarinette\/\">Philippe BROUARD<\/a>, l&rsquo;ensemble est en charge des c\u00e9r\u00e9monies officielles pour la ville d&rsquo;Avignon (principalement 11 novembre, d\u00e9port\u00e9s fin avril et 8 mai), depuis 1980.<\/p>\n\n\n\n<p>L&rsquo;ensemble, qui compte actuellement 25 musiciens environ, se produit \u00e9galement en contexte de concerts&nbsp; avec un r\u00e9pertoire plus moderne.<\/p>\n\n\n\n<p>Les r\u00e9p\u00e9titions ont lieu <strong>le samedi de 16h30 \u00e0 18h une semaine sur deux<\/strong> (en alternance avec l&rsquo;<a href=\"http:\/\/ecolemu.cluster028.hosting.ovh.net\/index.php\/bell-arco\/\">Ensemble \u00e0 cordes Bell&rsquo; Arco<\/a>).<\/p>\n\n\n\n<h4 class=\"wp-block-heading has-text-align-right\"><a href=\"http:\/\/ecolemu.cluster028.hosting.ovh.net\/index.php\/nos-ensembles\/\">&lt; Retour<\/a><\/h4>\n\n\n\n<p><\/p>\n","protected":false},"excerpt":{"rendered":"<p>Cette formation est la plus ancienne de l&rsquo;\u00e9cole de musique (qui \u00e9tait avant l&rsquo;ann\u00e9e 2000 [&hellip;]<\/p>\n","protected":false},"author":1,"featured_media":253,"parent":0,"menu_order":0,"comment_status":"closed","ping_status":"closed","template":"","meta":{"footnotes":""},"class_list":["post-23","page","type-page","status-publish","has-post-thumbnail","hentry"],"_links":{"self":[{"href":"https:\/\/ecole-musique-montfavet.fr\/index.php\/wp-json\/wp\/v2\/pages\/23","targetHints":{"allow":["GET"]}}],"collection":[{"href":"https:\/\/ecole-musique-montfavet.fr\/index.php\/wp-json\/wp\/v2\/pages"}],"about":[{"href":"https:\/\/ecole-musique-montfavet.fr\/index.php\/wp-json\/wp\/v2\/types\/page"}],"author":[{"embeddable":true,"href":"https:\/\/ecole-musique-montfavet.fr\/index.php\/wp-json\/wp\/v2\/users\/1"}],"replies":[{"embeddable":true,"href":"https:\/\/ecole-musique-montfavet.fr\/index.php\/wp-json\/wp\/v2\/comments?post=23"}],"version-history":[{"count":4,"href":"https:\/\/ecole-musique-montfavet.fr\/index.php\/wp-json\/wp\/v2\/pages\/23\/revisions"}],"predecessor-version":[{"id":1728,"href":"https:\/\/ecole-musique-montfavet.fr\/index.php\/wp-json\/wp\/v2\/pages\/23\/revisions\/1728"}],"wp:featuredmedia":[{"embeddable":true,"href":"https:\/\/ecole-musique-montfavet.fr\/index.php\/wp-json\/wp\/v2\/media\/253"}],"wp:attachment":[{"href":"https:\/\/ecole-musique-montfavet.fr\/index.php\/wp-json\/wp\/v2\/media?parent=23"}],"curies":[{"name":"wp","href":"https:\/\/api.w.org\/{rel}","templated":true}]}}