{"id":21,"date":"2020-05-18T15:46:46","date_gmt":"2020-05-18T13:46:46","guid":{"rendered":"http:\/\/ecolemu.cluster028.hosting.ovh.net\/?page_id=21"},"modified":"2026-01-13T16:12:45","modified_gmt":"2026-01-13T15:12:45","slug":"bell-arco","status":"publish","type":"page","link":"https:\/\/ecole-musique-montfavet.fr\/index.php\/bell-arco\/","title":{"rendered":"Ensemble \u00e0 Cordes Bell&rsquo;Arco"},"content":{"rendered":"\n<div style=\"height:58px\" aria-hidden=\"true\" class=\"wp-block-spacer\"><\/div>\n\n\n\n<p>La formation a \u00e9t\u00e9<strong> <\/strong>cr\u00e9\u00e9e en 2002. <\/p>\n\n\n\n<p>L\u2019ensemble, volontairement r\u00e9duit, est actuellement compos\u00e9 de 15 musiciens de tr\u00e8s bon niveau soutenus par quelques professeurs.<\/p>\n\n\n\n<p><strong>L\u2019Ensemble \u00ab&nbsp;<\/strong><em><strong>Bell\u2019 Arco&nbsp;\u00bb<\/strong><\/em>, baptis\u00e9 ainsi en Mars 2013, accompagne r\u00e9guli\u00e8rement dans ses concerts la <a href=\"http:\/\/ecolemu.cluster028.hosting.ovh.net\/index.php\/chorale-aria-volubilis\/\">Chorale Aria Volubilis<\/a>. <\/p>\n\n\n\n<p>Son r\u00e9pertoire, \u00e0 la base classique, aborde \u00e9galement des morceaux modernes.<\/p>\n\n\n\n<p>Il accompagne aussi des projets chor\u00e9graphiques ou se produit seul en concert. <\/p>\n\n\n\n<p>Enfin , en parall\u00e8le, il s\u2019int\u00e8gre dans le Grand <a href=\"http:\/\/ecolemu.cluster028.hosting.ovh.net\/index.php\/orchestre-vents-et-cordes\/\">Orchestre Vents et Cordes.<\/a><\/p>\n\n\n\n<p><\/p>\n\n\n\n<p>Horaire : Samedi de 16h30 \u00e0 18h (tous les 15 jours)<\/p>\n\n\n\n<div style=\"height:100px\" aria-hidden=\"true\" class=\"wp-block-spacer\"><\/div>\n\n\n\n<h3 class=\"wp-block-heading\">\u2666 Programme Celtique<\/h3>\n\n\n\n<div style=\"height:49px\" aria-hidden=\"true\" class=\"wp-block-spacer\"><\/div>\n\n\n\n<p>Depuis quelques ann\u00e9es, nous avons l&rsquo;habitude de travailler un programme de musique celtique\/m\u00e9di\u00e9vale qui nous permet de proposer une animation pour un concert de Saint-Patrick.<\/p>\n\n\n\n<div style=\"height:74px\" aria-hidden=\"true\" class=\"wp-block-spacer\"><\/div>\n\n\n\n<figure class=\"wp-block-embed is-type-video is-provider-youtube wp-block-embed-youtube wp-embed-aspect-16-9 wp-has-aspect-ratio\"><div class=\"wp-block-embed__wrapper\">\n<iframe loading=\"lazy\" title=\"\u00c9cho Celtic - Bell&#039;Arco\" width=\"640\" height=\"360\" src=\"https:\/\/www.youtube.com\/embed\/mqRkKL7eQbs?feature=oembed\" frameborder=\"0\" allow=\"accelerometer; autoplay; clipboard-write; encrypted-media; gyroscope; picture-in-picture; web-share\" referrerpolicy=\"strict-origin-when-cross-origin\" allowfullscreen><\/iframe>\n<\/div><\/figure>\n\n\n\n<div style=\"height:168px\" aria-hidden=\"true\" class=\"wp-block-spacer\"><\/div>\n\n\n\n<h4 class=\"wp-block-heading has-text-align-right\"><a href=\"http:\/\/ecolemu.cluster028.hosting.ovh.net\/index.php\/nos-ensembles\/\">&lt; Retour<br><\/a><\/h4>\n","protected":false},"excerpt":{"rendered":"<p>La formation a \u00e9t\u00e9 cr\u00e9\u00e9e en 2002. L\u2019ensemble, volontairement r\u00e9duit, est actuellement compos\u00e9 de 15 [&hellip;]<\/p>\n","protected":false},"author":1,"featured_media":251,"parent":0,"menu_order":0,"comment_status":"closed","ping_status":"closed","template":"","meta":{"footnotes":""},"class_list":["post-21","page","type-page","status-publish","has-post-thumbnail","hentry"],"_links":{"self":[{"href":"https:\/\/ecole-musique-montfavet.fr\/index.php\/wp-json\/wp\/v2\/pages\/21","targetHints":{"allow":["GET"]}}],"collection":[{"href":"https:\/\/ecole-musique-montfavet.fr\/index.php\/wp-json\/wp\/v2\/pages"}],"about":[{"href":"https:\/\/ecole-musique-montfavet.fr\/index.php\/wp-json\/wp\/v2\/types\/page"}],"author":[{"embeddable":true,"href":"https:\/\/ecole-musique-montfavet.fr\/index.php\/wp-json\/wp\/v2\/users\/1"}],"replies":[{"embeddable":true,"href":"https:\/\/ecole-musique-montfavet.fr\/index.php\/wp-json\/wp\/v2\/comments?post=21"}],"version-history":[{"count":13,"href":"https:\/\/ecole-musique-montfavet.fr\/index.php\/wp-json\/wp\/v2\/pages\/21\/revisions"}],"predecessor-version":[{"id":1731,"href":"https:\/\/ecole-musique-montfavet.fr\/index.php\/wp-json\/wp\/v2\/pages\/21\/revisions\/1731"}],"wp:featuredmedia":[{"embeddable":true,"href":"https:\/\/ecole-musique-montfavet.fr\/index.php\/wp-json\/wp\/v2\/media\/251"}],"wp:attachment":[{"href":"https:\/\/ecole-musique-montfavet.fr\/index.php\/wp-json\/wp\/v2\/media?parent=21"}],"curies":[{"name":"wp","href":"https:\/\/api.w.org\/{rel}","templated":true}]}}