{"id":1741,"date":"2026-04-08T14:24:29","date_gmt":"2026-04-08T12:24:29","guid":{"rendered":"https:\/\/ecole-musique-montfavet.fr\/?page_id=1741"},"modified":"2026-04-08T14:29:49","modified_gmt":"2026-04-08T12:29:49","slug":"echo-street-fanfare","status":"publish","type":"page","link":"https:\/\/ecole-musique-montfavet.fr\/index.php\/echo-street-fanfare\/","title":{"rendered":"\u00c9cho Street Fanfare"},"content":{"rendered":"<div class=\"wp-block-image\">\n<figure class=\"alignleft size-large is-resized\"><img loading=\"lazy\" decoding=\"async\" width=\"1024\" height=\"1024\" src=\"https:\/\/ecole-musique-montfavet.fr\/wp-content\/uploads\/2026\/04\/538820185_17908268835219363_50072954415824647_n-1024x1024.jpg\" alt=\"\" class=\"wp-image-1745\" style=\"width:407px;height:auto\" srcset=\"https:\/\/ecole-musique-montfavet.fr\/wp-content\/uploads\/2026\/04\/538820185_17908268835219363_50072954415824647_n-1024x1024.jpg 1024w, https:\/\/ecole-musique-montfavet.fr\/wp-content\/uploads\/2026\/04\/538820185_17908268835219363_50072954415824647_n-300x300.jpg 300w, https:\/\/ecole-musique-montfavet.fr\/wp-content\/uploads\/2026\/04\/538820185_17908268835219363_50072954415824647_n-150x150.jpg 150w, https:\/\/ecole-musique-montfavet.fr\/wp-content\/uploads\/2026\/04\/538820185_17908268835219363_50072954415824647_n-768x768.jpg 768w, https:\/\/ecole-musique-montfavet.fr\/wp-content\/uploads\/2026\/04\/538820185_17908268835219363_50072954415824647_n.jpg 1440w\" sizes=\"auto, (max-width: 1024px) 100vw, 1024px\" \/><\/figure><\/div>\n\n\n<p>En 2025 est n\u00e9 notre \u00c9cho Street Fanfare ! De 10 \u00e0 15 musiciens, notre dernier ensemble en date se produit pour divers \u00e9v\u00e9nements comme lors de l&rsquo;ouverture du march\u00e9 des producteurs, la soir\u00e9e Fanfare et Bodegas d&rsquo;Avignon et r\u00e9pond favorablement \u00e0 de nombreuses demandes d&rsquo;animation (mariages, d\u00e9ambulation, concerts&#8230;)<\/p>\n\n\n\n<p><\/p>\n","protected":false},"excerpt":{"rendered":"<p>En 2025 est n\u00e9 notre \u00c9cho Street Fanfare ! De 10 \u00e0 15 musiciens, notre [&hellip;]<\/p>\n","protected":false},"author":1,"featured_media":0,"parent":0,"menu_order":0,"comment_status":"closed","ping_status":"closed","template":"","meta":{"footnotes":""},"class_list":["post-1741","page","type-page","status-publish","hentry"],"_links":{"self":[{"href":"https:\/\/ecole-musique-montfavet.fr\/index.php\/wp-json\/wp\/v2\/pages\/1741","targetHints":{"allow":["GET"]}}],"collection":[{"href":"https:\/\/ecole-musique-montfavet.fr\/index.php\/wp-json\/wp\/v2\/pages"}],"about":[{"href":"https:\/\/ecole-musique-montfavet.fr\/index.php\/wp-json\/wp\/v2\/types\/page"}],"author":[{"embeddable":true,"href":"https:\/\/ecole-musique-montfavet.fr\/index.php\/wp-json\/wp\/v2\/users\/1"}],"replies":[{"embeddable":true,"href":"https:\/\/ecole-musique-montfavet.fr\/index.php\/wp-json\/wp\/v2\/comments?post=1741"}],"version-history":[{"count":3,"href":"https:\/\/ecole-musique-montfavet.fr\/index.php\/wp-json\/wp\/v2\/pages\/1741\/revisions"}],"predecessor-version":[{"id":1747,"href":"https:\/\/ecole-musique-montfavet.fr\/index.php\/wp-json\/wp\/v2\/pages\/1741\/revisions\/1747"}],"wp:attachment":[{"href":"https:\/\/ecole-musique-montfavet.fr\/index.php\/wp-json\/wp\/v2\/media?parent=1741"}],"curies":[{"name":"wp","href":"https:\/\/api.w.org\/{rel}","templated":true}]}}