{"id":1604,"date":"2025-04-16T17:03:07","date_gmt":"2025-04-16T15:03:07","guid":{"rendered":"https:\/\/ecole-musique-montfavet.fr\/?page_id=1604"},"modified":"2025-04-16T17:03:07","modified_gmt":"2025-04-16T15:03:07","slug":"parcours-ateliers","status":"publish","type":"page","link":"https:\/\/ecole-musique-montfavet.fr\/index.php\/parcours-ateliers\/","title":{"rendered":"Parcours Ateliers"},"content":{"rendered":"\n<p>En plus du parcours individuel, nous proposons un parcours ateliers qui permet \u00e0 des musiciens disposant de connaissances suffisantes d&rsquo;int\u00e9grer un ensemble.<\/p>\n\n\n\n<p>Chacun de ces ateliers est \u00e9galement accessible aux musiciens inscrits en parcours individuel pour un co\u00fbt r\u00e9duit (voir tarifs 7 et 8 ici : <a href=\"https:\/\/ecole-musique-montfavet.fr\/index.php\/dates-de-rentree-2021\/\" data-type=\"page\" data-id=\"1017\">tarifs 2025-2026<\/a>)<\/p>\n\n\n\n<div style=\"height:100px\" aria-hidden=\"true\" class=\"wp-block-spacer\"><\/div>\n\n\n\n<h2 class=\"wp-block-heading\">Groupe Musiques Actuelles<\/h2>\n\n\n\n<p>Guitaristes, Bassistes, Pianistes, Chanteurs ou pratiquant un autre instrument, vous pouvez int\u00e9grer un des groupes de notre professeur Benjamin Landrin.<\/p>\n\n\n\n<div style=\"height:100px\" aria-hidden=\"true\" class=\"wp-block-spacer\"><\/div>\n\n\n\n<h2 class=\"wp-block-heading\">Musique de Chambre<\/h2>\n\n\n\n<p>Vous avez un niveau de deuxi\u00e8me cycle ou \u00e9quivalent et vous souhaitez jouer en petite formation de 4 \u00e0 8 musiciens ? Vous pouvez demander \u00e0 rejoindre un des ensembles de Philippe, Guy ou David. <\/p>\n\n\n\n<div style=\"height:100px\" aria-hidden=\"true\" class=\"wp-block-spacer\"><\/div>\n\n\n\n<h2 class=\"wp-block-heading\">Atelier Chant<\/h2>\n\n\n\n<p>Notre professeure Marie-Alix vous propose d&rsquo;int\u00e9grer un groupe de 3 \u00e0 4 chanteurs(ses). La dur\u00e9e du cours d\u00e9pendra du nombre d&rsquo;inscrits.<\/p>\n","protected":false},"excerpt":{"rendered":"<p>En plus du parcours individuel, nous proposons un parcours ateliers qui permet \u00e0 des musiciens [&hellip;]<\/p>\n","protected":false},"author":1,"featured_media":0,"parent":0,"menu_order":0,"comment_status":"closed","ping_status":"closed","template":"","meta":{"footnotes":""},"class_list":["post-1604","page","type-page","status-publish","hentry"],"_links":{"self":[{"href":"https:\/\/ecole-musique-montfavet.fr\/index.php\/wp-json\/wp\/v2\/pages\/1604","targetHints":{"allow":["GET"]}}],"collection":[{"href":"https:\/\/ecole-musique-montfavet.fr\/index.php\/wp-json\/wp\/v2\/pages"}],"about":[{"href":"https:\/\/ecole-musique-montfavet.fr\/index.php\/wp-json\/wp\/v2\/types\/page"}],"author":[{"embeddable":true,"href":"https:\/\/ecole-musique-montfavet.fr\/index.php\/wp-json\/wp\/v2\/users\/1"}],"replies":[{"embeddable":true,"href":"https:\/\/ecole-musique-montfavet.fr\/index.php\/wp-json\/wp\/v2\/comments?post=1604"}],"version-history":[{"count":1,"href":"https:\/\/ecole-musique-montfavet.fr\/index.php\/wp-json\/wp\/v2\/pages\/1604\/revisions"}],"predecessor-version":[{"id":1605,"href":"https:\/\/ecole-musique-montfavet.fr\/index.php\/wp-json\/wp\/v2\/pages\/1604\/revisions\/1605"}],"wp:attachment":[{"href":"https:\/\/ecole-musique-montfavet.fr\/index.php\/wp-json\/wp\/v2\/media?parent=1604"}],"curies":[{"name":"wp","href":"https:\/\/api.w.org\/{rel}","templated":true}]}}