{"id":1017,"date":"2021-08-19T16:28:42","date_gmt":"2021-08-19T14:28:42","guid":{"rendered":"http:\/\/ecolemu.cluster028.hosting.ovh.net\/?page_id=1017"},"modified":"2026-04-08T14:16:08","modified_gmt":"2026-04-08T12:16:08","slug":"dates-de-rentree-2026","status":"publish","type":"page","link":"https:\/\/ecole-musique-montfavet.fr\/index.php\/dates-de-rentree-2026\/","title":{"rendered":"Rentr\u00e9e et Tarifs 2026\/2027"},"content":{"rendered":"\n<p><\/p>\n\n\n\n<p>Les informations compl\u00e8tes seront tr\u00e8s bient\u00f4t publi\u00e9es ici.<\/p>\n\n\n\n<p>En attendant, voici les dates d&rsquo;inscription ainsi que les plannings de Formation Musicale par niveau.<\/p>\n\n\n\n<p><strong>1\u00e8re \u00c9tape : R\u00e9inscription des \u00e9l\u00e8ves d\u00e9j\u00e0 inscrits en 2025-2026<\/strong><\/p>\n\n\n\n<ul class=\"wp-block-list\">\n<li>Mercredi 13\/05 de 14h \u00e0 19h<\/li>\n\n\n\n<li>Mercredi 20\/05 de 14h \u00e0 19h<\/li>\n<\/ul>\n\n\n\n<div style=\"height:100px\" aria-hidden=\"true\" class=\"wp-block-spacer\"><\/div>\n\n\n\n<p><strong>2\u00e8me \u00c9tape : Inscription des Nouveaux \u00c9l\u00e8ves !<\/strong><\/p>\n\n\n\n<ul class=\"wp-block-list\">\n<li>Mercredi 1\/07 de 14h \u00e0 19h<\/li>\n\n\n\n<li>autres dates \u00e0 venir<\/li>\n<\/ul>\n\n\n\n<p>Comme chaque ann\u00e9e, les cr\u00e9neaux des cours individuels vous seront communiqu\u00e9s durant la premi\u00e8re dizaine du mois de septembre.<\/p>\n\n\n\n<div style=\"height:100px\" aria-hidden=\"true\" class=\"wp-block-spacer\"><\/div>\n\n\n\n<h3 class=\"wp-block-heading has-text-align-center\">Tarifs 2026-2027<\/h3>\n\n\n\n<div style=\"height:100px\" aria-hidden=\"true\" class=\"wp-block-spacer\"><\/div>\n\n\n\n<div data-wp-interactive=\"core\/file\" class=\"wp-block-file\"><object data-wp-bind--hidden=\"!state.hasPdfPreview\" hidden class=\"wp-block-file__embed\" data=\"https:\/\/ecole-musique-montfavet.fr\/wp-content\/uploads\/2026\/04\/TARIFS-ECOLE-DE-MUSIQUE-2026-2027.pdf\" type=\"application\/pdf\" style=\"width:100%;height:600px\" aria-label=\"Contenu embarqu\u00e9 TARIFS ECOLE DE MUSIQUE 2026-2027.\"><\/object><a id=\"wp-block-file--media-bedecbc8-fed6-49af-9d49-d4034a36f224\" href=\"https:\/\/ecole-musique-montfavet.fr\/wp-content\/uploads\/2026\/04\/TARIFS-ECOLE-DE-MUSIQUE-2026-2027.pdf\">TARIFS ECOLE DE MUSIQUE 2026-2027<\/a><a href=\"https:\/\/ecole-musique-montfavet.fr\/wp-content\/uploads\/2026\/04\/TARIFS-ECOLE-DE-MUSIQUE-2026-2027.pdf\" class=\"wp-block-file__button wp-element-button\" download aria-describedby=\"wp-block-file--media-bedecbc8-fed6-49af-9d49-d4034a36f224\">T\u00e9l\u00e9charger<\/a><\/div>\n","protected":false},"excerpt":{"rendered":"<p>Les informations compl\u00e8tes seront tr\u00e8s bient\u00f4t publi\u00e9es ici. En attendant, voici les dates d&rsquo;inscription ainsi [&hellip;]<\/p>\n","protected":false},"author":1,"featured_media":175,"parent":0,"menu_order":0,"comment_status":"closed","ping_status":"closed","template":"","meta":{"footnotes":""},"class_list":["post-1017","page","type-page","status-publish","has-post-thumbnail","hentry"],"_links":{"self":[{"href":"https:\/\/ecole-musique-montfavet.fr\/index.php\/wp-json\/wp\/v2\/pages\/1017","targetHints":{"allow":["GET"]}}],"collection":[{"href":"https:\/\/ecole-musique-montfavet.fr\/index.php\/wp-json\/wp\/v2\/pages"}],"about":[{"href":"https:\/\/ecole-musique-montfavet.fr\/index.php\/wp-json\/wp\/v2\/types\/page"}],"author":[{"embeddable":true,"href":"https:\/\/ecole-musique-montfavet.fr\/index.php\/wp-json\/wp\/v2\/users\/1"}],"replies":[{"embeddable":true,"href":"https:\/\/ecole-musique-montfavet.fr\/index.php\/wp-json\/wp\/v2\/comments?post=1017"}],"version-history":[{"count":17,"href":"https:\/\/ecole-musique-montfavet.fr\/index.php\/wp-json\/wp\/v2\/pages\/1017\/revisions"}],"predecessor-version":[{"id":1739,"href":"https:\/\/ecole-musique-montfavet.fr\/index.php\/wp-json\/wp\/v2\/pages\/1017\/revisions\/1739"}],"wp:featuredmedia":[{"embeddable":true,"href":"https:\/\/ecole-musique-montfavet.fr\/index.php\/wp-json\/wp\/v2\/media\/175"}],"wp:attachment":[{"href":"https:\/\/ecole-musique-montfavet.fr\/index.php\/wp-json\/wp\/v2\/media?parent=1017"}],"curies":[{"name":"wp","href":"https:\/\/api.w.org\/{rel}","templated":true}]}}